{"id":136,"date":"2025-02-09T22:57:15","date_gmt":"2025-02-09T21:57:15","guid":{"rendered":"https:\/\/husot.cz\/?page_id=136"},"modified":"2025-04-06T20:39:19","modified_gmt":"2025-04-06T18:39:19","slug":"klubovna","status":"publish","type":"page","link":"https:\/\/husot.cz\/?page_id=136","title":{"rendered":"Klubovna"},"content":{"rendered":"\n<p><strong>Adresa klubovny:&nbsp;<\/strong>Rybni\u010dn\u00ed 1283 38601 Strakonice<\/p>\n\n\n\n<p><strong>S\u00eddlo spolku:<\/strong>&nbsp;Stavba\u0159\u016f 212 38601 Strakonice<\/p>\n\n\n\n<figure class=\"wp-block-gallery has-nested-images columns-4 is-cropped has-white-background-color has-background wp-block-gallery-1 is-layout-flex wp-block-gallery-is-layout-flex\">\n<figure class=\"wp-block-image size-full\"><img loading=\"lazy\" decoding=\"async\" width=\"2560\" height=\"1920\" data-id=\"339\" src=\"https:\/\/husot.cz\/wp-content\/uploads\/2025\/04\/IMG_3919-scaled.jpeg\" alt=\"\" class=\"wp-image-339\" srcset=\"https:\/\/husot.cz\/wp-content\/uploads\/2025\/04\/IMG_3919-scaled.jpeg 2560w, https:\/\/husot.cz\/wp-content\/uploads\/2025\/04\/IMG_3919-300x225.jpeg 300w, https:\/\/husot.cz\/wp-content\/uploads\/2025\/04\/IMG_3919-768x576.jpeg 768w, https:\/\/husot.cz\/wp-content\/uploads\/2025\/04\/IMG_3919-1536x1152.jpeg 1536w, https:\/\/husot.cz\/wp-content\/uploads\/2025\/04\/IMG_3919-2048x1536.jpeg 2048w\" sizes=\"auto, (max-width: 2560px) 100vw, 2560px\" \/><\/figure>\n\n\n\n<figure class=\"wp-block-image size-full\"><img loading=\"lazy\" decoding=\"async\" width=\"2560\" height=\"1920\" data-id=\"347\" src=\"https:\/\/husot.cz\/wp-content\/uploads\/2025\/04\/IMG_3918-1-scaled.jpeg\" alt=\"\" class=\"wp-image-347\" srcset=\"https:\/\/husot.cz\/wp-content\/uploads\/2025\/04\/IMG_3918-1-scaled.jpeg 2560w, https:\/\/husot.cz\/wp-content\/uploads\/2025\/04\/IMG_3918-1-300x225.jpeg 300w, https:\/\/husot.cz\/wp-content\/uploads\/2025\/04\/IMG_3918-1-768x576.jpeg 768w, https:\/\/husot.cz\/wp-content\/uploads\/2025\/04\/IMG_3918-1-1536x1152.jpeg 1536w, https:\/\/husot.cz\/wp-content\/uploads\/2025\/04\/IMG_3918-1-2048x1536.jpeg 2048w\" sizes=\"auto, (max-width: 2560px) 100vw, 2560px\" \/><\/figure>\n\n\n\n<figure class=\"wp-block-image size-full\"><img loading=\"lazy\" decoding=\"async\" width=\"2560\" height=\"1920\" data-id=\"340\" src=\"https:\/\/husot.cz\/wp-content\/uploads\/2025\/04\/IMG_3918-scaled.jpeg\" alt=\"\" class=\"wp-image-340\" srcset=\"https:\/\/husot.cz\/wp-content\/uploads\/2025\/04\/IMG_3918-scaled.jpeg 2560w, https:\/\/husot.cz\/wp-content\/uploads\/2025\/04\/IMG_3918-300x225.jpeg 300w, https:\/\/husot.cz\/wp-content\/uploads\/2025\/04\/IMG_3918-768x576.jpeg 768w, https:\/\/husot.cz\/wp-content\/uploads\/2025\/04\/IMG_3918-1536x1152.jpeg 1536w, https:\/\/husot.cz\/wp-content\/uploads\/2025\/04\/IMG_3918-2048x1536.jpeg 2048w\" sizes=\"auto, (max-width: 2560px) 100vw, 2560px\" \/><\/figure>\n\n\n\n<figure class=\"wp-block-image size-full\"><img loading=\"lazy\" decoding=\"async\" width=\"2560\" height=\"1662\" data-id=\"357\" src=\"https:\/\/husot.cz\/wp-content\/uploads\/2025\/04\/IMG_3926-1-scaled.jpeg\" alt=\"\" class=\"wp-image-357\" srcset=\"https:\/\/husot.cz\/wp-content\/uploads\/2025\/04\/IMG_3926-1-scaled.jpeg 2560w, https:\/\/husot.cz\/wp-content\/uploads\/2025\/04\/IMG_3926-1-300x195.jpeg 300w, https:\/\/husot.cz\/wp-content\/uploads\/2025\/04\/IMG_3926-1-1024x665.jpeg 1024w, https:\/\/husot.cz\/wp-content\/uploads\/2025\/04\/IMG_3926-1-768x499.jpeg 768w, https:\/\/husot.cz\/wp-content\/uploads\/2025\/04\/IMG_3926-1-1536x997.jpeg 1536w, https:\/\/husot.cz\/wp-content\/uploads\/2025\/04\/IMG_3926-1-2048x1330.jpeg 2048w\" sizes=\"auto, (max-width: 2560px) 100vw, 2560px\" \/><\/figure>\n\n\n\n<figure class=\"wp-block-image size-full\"><img loading=\"lazy\" decoding=\"async\" width=\"2560\" height=\"1920\" data-id=\"337\" src=\"https:\/\/husot.cz\/wp-content\/uploads\/2025\/04\/IMG_3921-scaled.jpeg\" alt=\"\" class=\"wp-image-337\" srcset=\"https:\/\/husot.cz\/wp-content\/uploads\/2025\/04\/IMG_3921-scaled.jpeg 2560w, https:\/\/husot.cz\/wp-content\/uploads\/2025\/04\/IMG_3921-300x225.jpeg 300w, https:\/\/husot.cz\/wp-content\/uploads\/2025\/04\/IMG_3921-768x576.jpeg 768w, https:\/\/husot.cz\/wp-content\/uploads\/2025\/04\/IMG_3921-1536x1152.jpeg 1536w, https:\/\/husot.cz\/wp-content\/uploads\/2025\/04\/IMG_3921-2048x1536.jpeg 2048w\" sizes=\"auto, (max-width: 2560px) 100vw, 2560px\" \/><\/figure>\n\n\n\n<figure class=\"wp-block-image size-full\"><img loading=\"lazy\" decoding=\"async\" width=\"2560\" height=\"1662\" data-id=\"331\" src=\"https:\/\/husot.cz\/wp-content\/uploads\/2025\/04\/IMG_3926-scaled.jpeg\" alt=\"\" class=\"wp-image-331\" srcset=\"https:\/\/husot.cz\/wp-content\/uploads\/2025\/04\/IMG_3926-scaled.jpeg 2560w, https:\/\/husot.cz\/wp-content\/uploads\/2025\/04\/IMG_3926-300x195.jpeg 300w, https:\/\/husot.cz\/wp-content\/uploads\/2025\/04\/IMG_3926-1024x665.jpeg 1024w, https:\/\/husot.cz\/wp-content\/uploads\/2025\/04\/IMG_3926-768x499.jpeg 768w, https:\/\/husot.cz\/wp-content\/uploads\/2025\/04\/IMG_3926-1536x997.jpeg 1536w, https:\/\/husot.cz\/wp-content\/uploads\/2025\/04\/IMG_3926-2048x1330.jpeg 2048w\" sizes=\"auto, (max-width: 2560px) 100vw, 2560px\" \/><\/figure>\n\n\n\n<figure class=\"wp-block-image size-full\"><img loading=\"lazy\" decoding=\"async\" width=\"2560\" height=\"1920\" data-id=\"351\" src=\"https:\/\/husot.cz\/wp-content\/uploads\/2025\/04\/IMG_3922-1-scaled.jpeg\" alt=\"\" class=\"wp-image-351\" srcset=\"https:\/\/husot.cz\/wp-content\/uploads\/2025\/04\/IMG_3922-1-scaled.jpeg 2560w, https:\/\/husot.cz\/wp-content\/uploads\/2025\/04\/IMG_3922-1-300x225.jpeg 300w, https:\/\/husot.cz\/wp-content\/uploads\/2025\/04\/IMG_3922-1-768x576.jpeg 768w, https:\/\/husot.cz\/wp-content\/uploads\/2025\/04\/IMG_3922-1-1536x1152.jpeg 1536w, https:\/\/husot.cz\/wp-content\/uploads\/2025\/04\/IMG_3922-1-2048x1536.jpeg 2048w\" sizes=\"auto, (max-width: 2560px) 100vw, 2560px\" \/><\/figure>\n\n\n\n<figure class=\"wp-block-image size-full\"><img loading=\"lazy\" decoding=\"async\" width=\"2560\" height=\"1920\" data-id=\"356\" src=\"https:\/\/husot.cz\/wp-content\/uploads\/2025\/04\/IMG_3913-1-scaled.jpeg\" alt=\"\" class=\"wp-image-356\" srcset=\"https:\/\/husot.cz\/wp-content\/uploads\/2025\/04\/IMG_3913-1-scaled.jpeg 2560w, https:\/\/husot.cz\/wp-content\/uploads\/2025\/04\/IMG_3913-1-300x225.jpeg 300w, https:\/\/husot.cz\/wp-content\/uploads\/2025\/04\/IMG_3913-1-768x576.jpeg 768w, https:\/\/husot.cz\/wp-content\/uploads\/2025\/04\/IMG_3913-1-1536x1152.jpeg 1536w, https:\/\/husot.cz\/wp-content\/uploads\/2025\/04\/IMG_3913-1-2048x1536.jpeg 2048w\" sizes=\"auto, (max-width: 2560px) 100vw, 2560px\" \/><\/figure>\n\n\n\n<figure class=\"wp-block-image size-full\"><img loading=\"lazy\" decoding=\"async\" width=\"2560\" height=\"1920\" data-id=\"336\" src=\"https:\/\/husot.cz\/wp-content\/uploads\/2025\/04\/IMG_3922-scaled.jpeg\" alt=\"\" class=\"wp-image-336\" srcset=\"https:\/\/husot.cz\/wp-content\/uploads\/2025\/04\/IMG_3922-scaled.jpeg 2560w, https:\/\/husot.cz\/wp-content\/uploads\/2025\/04\/IMG_3922-300x225.jpeg 300w, https:\/\/husot.cz\/wp-content\/uploads\/2025\/04\/IMG_3922-768x576.jpeg 768w, https:\/\/husot.cz\/wp-content\/uploads\/2025\/04\/IMG_3922-1536x1152.jpeg 1536w, https:\/\/husot.cz\/wp-content\/uploads\/2025\/04\/IMG_3922-2048x1536.jpeg 2048w\" sizes=\"auto, (max-width: 2560px) 100vw, 2560px\" \/><\/figure>\n\n\n\n<figure class=\"wp-block-image size-full\"><img loading=\"lazy\" decoding=\"async\" width=\"2560\" height=\"1920\" data-id=\"355\" src=\"https:\/\/husot.cz\/wp-content\/uploads\/2025\/04\/IMG_3916-1-scaled.jpeg\" alt=\"\" class=\"wp-image-355\" srcset=\"https:\/\/husot.cz\/wp-content\/uploads\/2025\/04\/IMG_3916-1-scaled.jpeg 2560w, https:\/\/husot.cz\/wp-content\/uploads\/2025\/04\/IMG_3916-1-300x225.jpeg 300w, https:\/\/husot.cz\/wp-content\/uploads\/2025\/04\/IMG_3916-1-768x576.jpeg 768w, https:\/\/husot.cz\/wp-content\/uploads\/2025\/04\/IMG_3916-1-1536x1152.jpeg 1536w, https:\/\/husot.cz\/wp-content\/uploads\/2025\/04\/IMG_3916-1-2048x1536.jpeg 2048w\" sizes=\"auto, (max-width: 2560px) 100vw, 2560px\" \/><\/figure>\n\n\n\n<figure class=\"wp-block-image size-full\"><img loading=\"lazy\" decoding=\"async\" width=\"2373\" height=\"2560\" data-id=\"359\" src=\"https:\/\/husot.cz\/wp-content\/uploads\/2025\/04\/IMG_3925-scaled.jpeg\" alt=\"\" class=\"wp-image-359\" srcset=\"https:\/\/husot.cz\/wp-content\/uploads\/2025\/04\/IMG_3925-scaled.jpeg 2373w, https:\/\/husot.cz\/wp-content\/uploads\/2025\/04\/IMG_3925-278x300.jpeg 278w, https:\/\/husot.cz\/wp-content\/uploads\/2025\/04\/IMG_3925-1424x1536.jpeg 1424w, https:\/\/husot.cz\/wp-content\/uploads\/2025\/04\/IMG_3925-1899x2048.jpeg 1899w\" sizes=\"auto, (max-width: 2373px) 100vw, 2373px\" \/><\/figure>\n\n\n\n<figure class=\"wp-block-image size-full\"><img loading=\"lazy\" decoding=\"async\" width=\"2560\" height=\"1920\" data-id=\"350\" src=\"https:\/\/husot.cz\/wp-content\/uploads\/2025\/04\/IMG_3921-1-scaled.jpeg\" alt=\"\" class=\"wp-image-350\" srcset=\"https:\/\/husot.cz\/wp-content\/uploads\/2025\/04\/IMG_3921-1-scaled.jpeg 2560w, https:\/\/husot.cz\/wp-content\/uploads\/2025\/04\/IMG_3921-1-300x225.jpeg 300w, https:\/\/husot.cz\/wp-content\/uploads\/2025\/04\/IMG_3921-1-768x576.jpeg 768w, https:\/\/husot.cz\/wp-content\/uploads\/2025\/04\/IMG_3921-1-1536x1152.jpeg 1536w, https:\/\/husot.cz\/wp-content\/uploads\/2025\/04\/IMG_3921-1-2048x1536.jpeg 2048w\" sizes=\"auto, (max-width: 2560px) 100vw, 2560px\" \/><\/figure>\n\n\n\n<figure class=\"wp-block-image size-full\"><img loading=\"lazy\" decoding=\"async\" width=\"2560\" height=\"1861\" data-id=\"334\" src=\"https:\/\/husot.cz\/wp-content\/uploads\/2025\/04\/IMG_3927-scaled.jpeg\" alt=\"\" class=\"wp-image-334\" srcset=\"https:\/\/husot.cz\/wp-content\/uploads\/2025\/04\/IMG_3927-scaled.jpeg 2560w, https:\/\/husot.cz\/wp-content\/uploads\/2025\/04\/IMG_3927-300x218.jpeg 300w, https:\/\/husot.cz\/wp-content\/uploads\/2025\/04\/IMG_3927-768x558.jpeg 768w, https:\/\/husot.cz\/wp-content\/uploads\/2025\/04\/IMG_3927-1536x1117.jpeg 1536w, https:\/\/husot.cz\/wp-content\/uploads\/2025\/04\/IMG_3927-2048x1489.jpeg 2048w\" sizes=\"auto, (max-width: 2560px) 100vw, 2560px\" \/><\/figure>\n\n\n\n<figure class=\"wp-block-image size-full\"><img loading=\"lazy\" decoding=\"async\" width=\"2560\" height=\"1920\" data-id=\"332\" src=\"https:\/\/husot.cz\/wp-content\/uploads\/2025\/04\/IMG_3928-scaled.jpeg\" alt=\"\" class=\"wp-image-332\" srcset=\"https:\/\/husot.cz\/wp-content\/uploads\/2025\/04\/IMG_3928-scaled.jpeg 2560w, https:\/\/husot.cz\/wp-content\/uploads\/2025\/04\/IMG_3928-300x225.jpeg 300w, https:\/\/husot.cz\/wp-content\/uploads\/2025\/04\/IMG_3928-768x576.jpeg 768w, https:\/\/husot.cz\/wp-content\/uploads\/2025\/04\/IMG_3928-1536x1152.jpeg 1536w, https:\/\/husot.cz\/wp-content\/uploads\/2025\/04\/IMG_3928-2048x1536.jpeg 2048w\" sizes=\"auto, (max-width: 2560px) 100vw, 2560px\" \/><\/figure>\n\n\n\n<figure class=\"wp-block-image size-full\"><img loading=\"lazy\" decoding=\"async\" width=\"1920\" height=\"2560\" data-id=\"354\" src=\"https:\/\/husot.cz\/wp-content\/uploads\/2025\/04\/IMG_3915-1-scaled.jpeg\" alt=\"\" class=\"wp-image-354\" srcset=\"https:\/\/husot.cz\/wp-content\/uploads\/2025\/04\/IMG_3915-1-scaled.jpeg 1920w, https:\/\/husot.cz\/wp-content\/uploads\/2025\/04\/IMG_3915-1-225x300.jpeg 225w, https:\/\/husot.cz\/wp-content\/uploads\/2025\/04\/IMG_3915-1-1152x1536.jpeg 1152w, https:\/\/husot.cz\/wp-content\/uploads\/2025\/04\/IMG_3915-1-1536x2048.jpeg 1536w\" sizes=\"auto, (max-width: 1920px) 100vw, 1920px\" \/><\/figure>\n\n\n\n<figure class=\"wp-block-image size-full\"><img loading=\"lazy\" decoding=\"async\" width=\"2560\" height=\"1920\" data-id=\"335\" src=\"https:\/\/husot.cz\/wp-content\/uploads\/2025\/04\/IMG_3924-scaled.jpeg\" alt=\"\" class=\"wp-image-335\" srcset=\"https:\/\/husot.cz\/wp-content\/uploads\/2025\/04\/IMG_3924-scaled.jpeg 2560w, https:\/\/husot.cz\/wp-content\/uploads\/2025\/04\/IMG_3924-300x225.jpeg 300w, https:\/\/husot.cz\/wp-content\/uploads\/2025\/04\/IMG_3924-768x576.jpeg 768w, https:\/\/husot.cz\/wp-content\/uploads\/2025\/04\/IMG_3924-1536x1152.jpeg 1536w, https:\/\/husot.cz\/wp-content\/uploads\/2025\/04\/IMG_3924-2048x1536.jpeg 2048w\" sizes=\"auto, (max-width: 2560px) 100vw, 2560px\" \/><\/figure>\n\n\n\n<figure class=\"wp-block-image size-full\"><img loading=\"lazy\" decoding=\"async\" width=\"2560\" height=\"1920\" data-id=\"338\" src=\"https:\/\/husot.cz\/wp-content\/uploads\/2025\/04\/IMG_3920-scaled.jpeg\" alt=\"\" class=\"wp-image-338\" srcset=\"https:\/\/husot.cz\/wp-content\/uploads\/2025\/04\/IMG_3920-scaled.jpeg 2560w, https:\/\/husot.cz\/wp-content\/uploads\/2025\/04\/IMG_3920-300x225.jpeg 300w, https:\/\/husot.cz\/wp-content\/uploads\/2025\/04\/IMG_3920-768x576.jpeg 768w, https:\/\/husot.cz\/wp-content\/uploads\/2025\/04\/IMG_3920-1536x1152.jpeg 1536w, https:\/\/husot.cz\/wp-content\/uploads\/2025\/04\/IMG_3920-2048x1536.jpeg 2048w\" sizes=\"auto, (max-width: 2560px) 100vw, 2560px\" \/><\/figure>\n\n\n\n<figure class=\"wp-block-image size-full\"><img loading=\"lazy\" decoding=\"async\" width=\"2021\" height=\"2560\" data-id=\"360\" src=\"https:\/\/husot.cz\/wp-content\/uploads\/2025\/04\/IMG_3929-1-scaled.jpeg\" alt=\"\" class=\"wp-image-360\" srcset=\"https:\/\/husot.cz\/wp-content\/uploads\/2025\/04\/IMG_3929-1-scaled.jpeg 2021w, https:\/\/husot.cz\/wp-content\/uploads\/2025\/04\/IMG_3929-1-237x300.jpeg 237w, https:\/\/husot.cz\/wp-content\/uploads\/2025\/04\/IMG_3929-1-1212x1536.jpeg 1212w, https:\/\/husot.cz\/wp-content\/uploads\/2025\/04\/IMG_3929-1-1616x2048.jpeg 1616w\" sizes=\"auto, (max-width: 2021px) 100vw, 2021px\" \/><\/figure>\n\n\n\n<figure class=\"wp-block-image size-full\"><img loading=\"lazy\" decoding=\"async\" width=\"2560\" height=\"1861\" data-id=\"362\" src=\"https:\/\/husot.cz\/wp-content\/uploads\/2025\/04\/IMG_3927-1-scaled.jpeg\" alt=\"\" class=\"wp-image-362\" srcset=\"https:\/\/husot.cz\/wp-content\/uploads\/2025\/04\/IMG_3927-1-scaled.jpeg 2560w, https:\/\/husot.cz\/wp-content\/uploads\/2025\/04\/IMG_3927-1-300x218.jpeg 300w, https:\/\/husot.cz\/wp-content\/uploads\/2025\/04\/IMG_3927-1-768x558.jpeg 768w, https:\/\/husot.cz\/wp-content\/uploads\/2025\/04\/IMG_3927-1-1536x1117.jpeg 1536w, https:\/\/husot.cz\/wp-content\/uploads\/2025\/04\/IMG_3927-1-2048x1489.jpeg 2048w\" sizes=\"auto, (max-width: 2560px) 100vw, 2560px\" \/><\/figure>\n\n\n\n<figure class=\"wp-block-image size-full\"><img loading=\"lazy\" decoding=\"async\" width=\"2560\" height=\"1920\" data-id=\"353\" src=\"https:\/\/husot.cz\/wp-content\/uploads\/2025\/04\/IMG_3914-1-scaled.jpeg\" alt=\"\" class=\"wp-image-353\" srcset=\"https:\/\/husot.cz\/wp-content\/uploads\/2025\/04\/IMG_3914-1-scaled.jpeg 2560w, https:\/\/husot.cz\/wp-content\/uploads\/2025\/04\/IMG_3914-1-300x225.jpeg 300w, https:\/\/husot.cz\/wp-content\/uploads\/2025\/04\/IMG_3914-1-768x576.jpeg 768w, https:\/\/husot.cz\/wp-content\/uploads\/2025\/04\/IMG_3914-1-1536x1152.jpeg 1536w, https:\/\/husot.cz\/wp-content\/uploads\/2025\/04\/IMG_3914-1-2048x1536.jpeg 2048w\" sizes=\"auto, (max-width: 2560px) 100vw, 2560px\" \/><\/figure>\n\n\n\n<figure class=\"wp-block-image size-full\"><img loading=\"lazy\" decoding=\"async\" width=\"2560\" height=\"1920\" data-id=\"361\" src=\"https:\/\/husot.cz\/wp-content\/uploads\/2025\/04\/IMG_3928-1-scaled.jpeg\" alt=\"\" class=\"wp-image-361\" srcset=\"https:\/\/husot.cz\/wp-content\/uploads\/2025\/04\/IMG_3928-1-scaled.jpeg 2560w, https:\/\/husot.cz\/wp-content\/uploads\/2025\/04\/IMG_3928-1-300x225.jpeg 300w, https:\/\/husot.cz\/wp-content\/uploads\/2025\/04\/IMG_3928-1-768x576.jpeg 768w, https:\/\/husot.cz\/wp-content\/uploads\/2025\/04\/IMG_3928-1-1536x1152.jpeg 1536w, https:\/\/husot.cz\/wp-content\/uploads\/2025\/04\/IMG_3928-1-2048x1536.jpeg 2048w\" sizes=\"auto, (max-width: 2560px) 100vw, 2560px\" \/><\/figure>\n\n\n\n<figure class=\"wp-block-image size-full\"><img loading=\"lazy\" decoding=\"async\" width=\"2560\" height=\"1920\" data-id=\"342\" src=\"https:\/\/husot.cz\/wp-content\/uploads\/2025\/04\/IMG_3914-scaled.jpeg\" alt=\"\" class=\"wp-image-342\" srcset=\"https:\/\/husot.cz\/wp-content\/uploads\/2025\/04\/IMG_3914-scaled.jpeg 2560w, https:\/\/husot.cz\/wp-content\/uploads\/2025\/04\/IMG_3914-300x225.jpeg 300w, https:\/\/husot.cz\/wp-content\/uploads\/2025\/04\/IMG_3914-768x576.jpeg 768w, https:\/\/husot.cz\/wp-content\/uploads\/2025\/04\/IMG_3914-1536x1152.jpeg 1536w, https:\/\/husot.cz\/wp-content\/uploads\/2025\/04\/IMG_3914-2048x1536.jpeg 2048w\" sizes=\"auto, (max-width: 2560px) 100vw, 2560px\" \/><\/figure>\n\n\n\n<figure class=\"wp-block-image size-full\"><img loading=\"lazy\" decoding=\"async\" width=\"2560\" height=\"1920\" data-id=\"345\" src=\"https:\/\/husot.cz\/wp-content\/uploads\/2025\/04\/IMG_3913-scaled.jpeg\" alt=\"\" class=\"wp-image-345\" srcset=\"https:\/\/husot.cz\/wp-content\/uploads\/2025\/04\/IMG_3913-scaled.jpeg 2560w, https:\/\/husot.cz\/wp-content\/uploads\/2025\/04\/IMG_3913-300x225.jpeg 300w, https:\/\/husot.cz\/wp-content\/uploads\/2025\/04\/IMG_3913-768x576.jpeg 768w, https:\/\/husot.cz\/wp-content\/uploads\/2025\/04\/IMG_3913-1536x1152.jpeg 1536w, https:\/\/husot.cz\/wp-content\/uploads\/2025\/04\/IMG_3913-2048x1536.jpeg 2048w\" sizes=\"auto, (max-width: 2560px) 100vw, 2560px\" \/><\/figure>\n\n\n\n<figure class=\"wp-block-image size-full\"><img loading=\"lazy\" decoding=\"async\" width=\"2560\" height=\"1920\" data-id=\"341\" src=\"https:\/\/husot.cz\/wp-content\/uploads\/2025\/04\/IMG_3917-scaled.jpeg\" alt=\"\" class=\"wp-image-341\" srcset=\"https:\/\/husot.cz\/wp-content\/uploads\/2025\/04\/IMG_3917-scaled.jpeg 2560w, https:\/\/husot.cz\/wp-content\/uploads\/2025\/04\/IMG_3917-300x225.jpeg 300w, https:\/\/husot.cz\/wp-content\/uploads\/2025\/04\/IMG_3917-768x576.jpeg 768w, https:\/\/husot.cz\/wp-content\/uploads\/2025\/04\/IMG_3917-1536x1152.jpeg 1536w, https:\/\/husot.cz\/wp-content\/uploads\/2025\/04\/IMG_3917-2048x1536.jpeg 2048w\" sizes=\"auto, (max-width: 2560px) 100vw, 2560px\" \/><\/figure>\n\n\n\n<figure class=\"wp-block-image size-full\"><img loading=\"lazy\" decoding=\"async\" width=\"2560\" height=\"1920\" data-id=\"344\" src=\"https:\/\/husot.cz\/wp-content\/uploads\/2025\/04\/IMG_3916-scaled.jpeg\" alt=\"\" class=\"wp-image-344\" srcset=\"https:\/\/husot.cz\/wp-content\/uploads\/2025\/04\/IMG_3916-scaled.jpeg 2560w, https:\/\/husot.cz\/wp-content\/uploads\/2025\/04\/IMG_3916-300x225.jpeg 300w, https:\/\/husot.cz\/wp-content\/uploads\/2025\/04\/IMG_3916-768x576.jpeg 768w, https:\/\/husot.cz\/wp-content\/uploads\/2025\/04\/IMG_3916-1536x1152.jpeg 1536w, https:\/\/husot.cz\/wp-content\/uploads\/2025\/04\/IMG_3916-2048x1536.jpeg 2048w\" sizes=\"auto, (max-width: 2560px) 100vw, 2560px\" \/><\/figure>\n\n\n\n<figure class=\"wp-block-image size-full\"><img loading=\"lazy\" decoding=\"async\" width=\"2560\" height=\"1920\" data-id=\"346\" src=\"https:\/\/husot.cz\/wp-content\/uploads\/2025\/04\/IMG_3919-1-scaled.jpeg\" alt=\"\" class=\"wp-image-346\" srcset=\"https:\/\/husot.cz\/wp-content\/uploads\/2025\/04\/IMG_3919-1-scaled.jpeg 2560w, https:\/\/husot.cz\/wp-content\/uploads\/2025\/04\/IMG_3919-1-300x225.jpeg 300w, https:\/\/husot.cz\/wp-content\/uploads\/2025\/04\/IMG_3919-1-768x576.jpeg 768w, https:\/\/husot.cz\/wp-content\/uploads\/2025\/04\/IMG_3919-1-1536x1152.jpeg 1536w, https:\/\/husot.cz\/wp-content\/uploads\/2025\/04\/IMG_3919-1-2048x1536.jpeg 2048w\" sizes=\"auto, (max-width: 2560px) 100vw, 2560px\" \/><\/figure>\n\n\n\n<figure class=\"wp-block-image size-full\"><img loading=\"lazy\" decoding=\"async\" width=\"1920\" height=\"2560\" data-id=\"343\" src=\"https:\/\/husot.cz\/wp-content\/uploads\/2025\/04\/IMG_3915-scaled.jpeg\" alt=\"\" class=\"wp-image-343\" srcset=\"https:\/\/husot.cz\/wp-content\/uploads\/2025\/04\/IMG_3915-scaled.jpeg 1920w, https:\/\/husot.cz\/wp-content\/uploads\/2025\/04\/IMG_3915-225x300.jpeg 225w, https:\/\/husot.cz\/wp-content\/uploads\/2025\/04\/IMG_3915-1152x1536.jpeg 1152w, https:\/\/husot.cz\/wp-content\/uploads\/2025\/04\/IMG_3915-1536x2048.jpeg 1536w\" sizes=\"auto, (max-width: 1920px) 100vw, 1920px\" \/><\/figure>\n\n\n\n<figure class=\"wp-block-image size-full\"><img loading=\"lazy\" decoding=\"async\" width=\"2021\" height=\"2560\" data-id=\"333\" src=\"https:\/\/husot.cz\/wp-content\/uploads\/2025\/04\/IMG_3929-scaled.jpeg\" alt=\"\" class=\"wp-image-333\" srcset=\"https:\/\/husot.cz\/wp-content\/uploads\/2025\/04\/IMG_3929-scaled.jpeg 2021w, https:\/\/husot.cz\/wp-content\/uploads\/2025\/04\/IMG_3929-237x300.jpeg 237w, https:\/\/husot.cz\/wp-content\/uploads\/2025\/04\/IMG_3929-1212x1536.jpeg 1212w, https:\/\/husot.cz\/wp-content\/uploads\/2025\/04\/IMG_3929-1616x2048.jpeg 1616w\" sizes=\"auto, (max-width: 2021px) 100vw, 2021px\" \/><\/figure>\n\n\n\n<figure class=\"wp-block-image size-full\"><img loading=\"lazy\" decoding=\"async\" width=\"2560\" height=\"1920\" data-id=\"358\" src=\"https:\/\/husot.cz\/wp-content\/uploads\/2025\/04\/IMG_3924-1-scaled.jpeg\" alt=\"\" class=\"wp-image-358\" srcset=\"https:\/\/husot.cz\/wp-content\/uploads\/2025\/04\/IMG_3924-1-scaled.jpeg 2560w, https:\/\/husot.cz\/wp-content\/uploads\/2025\/04\/IMG_3924-1-300x225.jpeg 300w, https:\/\/husot.cz\/wp-content\/uploads\/2025\/04\/IMG_3924-1-768x576.jpeg 768w, https:\/\/husot.cz\/wp-content\/uploads\/2025\/04\/IMG_3924-1-1536x1152.jpeg 1536w, https:\/\/husot.cz\/wp-content\/uploads\/2025\/04\/IMG_3924-1-2048x1536.jpeg 2048w\" sizes=\"auto, (max-width: 2560px) 100vw, 2560px\" \/><\/figure>\n\n\n\n<figure class=\"wp-block-image size-full\"><img loading=\"lazy\" decoding=\"async\" width=\"2560\" height=\"1920\" data-id=\"349\" src=\"https:\/\/husot.cz\/wp-content\/uploads\/2025\/04\/IMG_3920-1-scaled.jpeg\" alt=\"\" class=\"wp-image-349\" srcset=\"https:\/\/husot.cz\/wp-content\/uploads\/2025\/04\/IMG_3920-1-scaled.jpeg 2560w, https:\/\/husot.cz\/wp-content\/uploads\/2025\/04\/IMG_3920-1-300x225.jpeg 300w, https:\/\/husot.cz\/wp-content\/uploads\/2025\/04\/IMG_3920-1-768x576.jpeg 768w, https:\/\/husot.cz\/wp-content\/uploads\/2025\/04\/IMG_3920-1-1536x1152.jpeg 1536w, https:\/\/husot.cz\/wp-content\/uploads\/2025\/04\/IMG_3920-1-2048x1536.jpeg 2048w\" sizes=\"auto, (max-width: 2560px) 100vw, 2560px\" \/><\/figure>\n\n\n\n<figure class=\"wp-block-image size-full\"><img loading=\"lazy\" decoding=\"async\" width=\"2560\" height=\"1920\" data-id=\"348\" src=\"https:\/\/husot.cz\/wp-content\/uploads\/2025\/04\/IMG_3917-1-scaled.jpeg\" alt=\"\" class=\"wp-image-348\" srcset=\"https:\/\/husot.cz\/wp-content\/uploads\/2025\/04\/IMG_3917-1-scaled.jpeg 2560w, https:\/\/husot.cz\/wp-content\/uploads\/2025\/04\/IMG_3917-1-300x225.jpeg 300w, https:\/\/husot.cz\/wp-content\/uploads\/2025\/04\/IMG_3917-1-768x576.jpeg 768w, https:\/\/husot.cz\/wp-content\/uploads\/2025\/04\/IMG_3917-1-1536x1152.jpeg 1536w, https:\/\/husot.cz\/wp-content\/uploads\/2025\/04\/IMG_3917-1-2048x1536.jpeg 2048w\" sizes=\"auto, (max-width: 2560px) 100vw, 2560px\" \/><\/figure>\n<\/figure>\n","protected":false},"excerpt":{"rendered":"<p>Adresa klubovny:&nbsp;Rybni\u010dn\u00ed 1283 38601 Strakonice S\u00eddlo spolku:&nbsp;Stavba\u0159\u016f 212 38601 Strakonice<\/p>\n","protected":false},"author":1,"featured_media":0,"parent":0,"menu_order":0,"comment_status":"closed","ping_status":"closed","template":"","meta":{"footnotes":""},"class_list":["post-136","page","type-page","status-publish","hentry"],"_links":{"self":[{"href":"https:\/\/husot.cz\/index.php?rest_route=\/wp\/v2\/pages\/136","targetHints":{"allow":["GET"]}}],"collection":[{"href":"https:\/\/husot.cz\/index.php?rest_route=\/wp\/v2\/pages"}],"about":[{"href":"https:\/\/husot.cz\/index.php?rest_route=\/wp\/v2\/types\/page"}],"author":[{"embeddable":true,"href":"https:\/\/husot.cz\/index.php?rest_route=\/wp\/v2\/users\/1"}],"replies":[{"embeddable":true,"href":"https:\/\/husot.cz\/index.php?rest_route=%2Fwp%2Fv2%2Fcomments&post=136"}],"version-history":[{"count":5,"href":"https:\/\/husot.cz\/index.php?rest_route=\/wp\/v2\/pages\/136\/revisions"}],"predecessor-version":[{"id":367,"href":"https:\/\/husot.cz\/index.php?rest_route=\/wp\/v2\/pages\/136\/revisions\/367"}],"wp:attachment":[{"href":"https:\/\/husot.cz\/index.php?rest_route=%2Fwp%2Fv2%2Fmedia&parent=136"}],"curies":[{"name":"wp","href":"https:\/\/api.w.org\/{rel}","templated":true}]}}