{"id":34,"date":"2025-02-09T21:29:45","date_gmt":"2025-02-09T20:29:45","guid":{"rendered":"https:\/\/husot.cz\/?page_id=34"},"modified":"2025-03-19T21:27:40","modified_gmt":"2025-03-19T20:27:40","slug":"pro-cleny","status":"publish","type":"page","link":"https:\/\/husot.cz\/?page_id=34","title":{"rendered":"Pro \u010dleny"},"content":{"rendered":"\n<p>INFORMACE PRO UCHAZE\u010cE<\/p>\n\n\n\n<p>Do slibu se nau\u010d\u00edm husotskou hymnu a slib, opat\u0159\u00edm si zelenou ko\u0161ili, sch\u016fzkov\u00e9, z\u00e1kladn\u00ed a v\u00edkendov\u00e9 vybaven\u00ed a pracovn\u00ed se\u0161it, nejl\u00e9pe v tvrd\u00fdch desk\u00e1ch (v n\u011bm n\u00e1le\u017eitosti stran 1-4).<\/p>\n\n\n\n<p>Sch\u016fzkov\u00e9 vybaven\u00ed &#8211; p\u0159ez\u016fvky, pracovn\u00ed se\u0161it (nejl\u00e9pe \u010dtvere\u010dkovan\u00fd, form\u00e1t A5 v tvrd\u00fdch desk\u00e1ch) psac\u00ed pot\u0159eby. P\u0159i p\u011bkn\u00e9m po\u010das\u00ed sportovn\u00ed od\u011bv a obuv.&nbsp;<\/p>\n\n\n\n<p>KPZ (krabi\u010dka posledn\u00ed z\u00e1chrany, v mal\u00e9 krabi\u010dce od \u010daje \u010di od m\u00fddla): Jehla, nit, 5 z\u00e1palek, \u0161krt\u00e1tko, sv\u00ed\u010dka, k\u0159\u00edda, sp\u00ednac\u00ed \u0161pendl\u00edk, knofl\u00edk, pol\u0161t\u00e1\u0159kov\u00e1 n\u00e1plast, 50,-K\u010d, ofocen\u00fd pr\u016fkaz zdravotn\u00ed poji\u0161\u0165ovny.<\/p>\n\n\n\n<p>Z\u00e1kladn\u00ed vybaven\u00ed KPZ, pl\u00e1\u0161t\u011bnka, sva\u010dina, pit\u00ed (v lahvi z PVC), toaletn\u00ed pap\u00edr, n\u00e1hradn\u00ed pono\u017eky, n\u016f\u017e v pouzd\u0159e, batoh na z\u00e1da, igelitov\u00fd s\u00e1\u010dek na odpadky, tu\u017eka, pap\u00edr na psan\u00ed, \u010dty\u0159c\u00edp\u00fd \u0161\u00e1tek, p\u0159\u00edpadn\u011b such\u00fd mech.<\/p>\n\n\n\n<p>V\u00edkendov\u00e9 vybaven\u00ed \u2013 z\u00e1kladn\u00ed vybaven\u00ed + Spac\u00ed pytel tzv. mumie, karimatka, e\u0161us, l\u017e\u00edce, baterka, va\u0159i\u010d na pevn\u00fd l\u00edh a 5 kosti\u010dek pevn\u00e9ho lihu, zubn\u00ed kart\u00e1\u010dek a pasta, m\u00fddlo, ru\u010dn\u00edk.<\/p>\n\n\n\n<p>Pracovn\u00ed se\u0161it \u2013 (\u010dtvere\u010dkovan\u00fd se\u0161it A5 v tvrd\u00fdch desk\u00e1ch). Na p\u0159eds\u00e1dce napsan\u00fd text: &#8222;Pros\u00edm p\u0159\u00edpadn\u00e9ho n\u00e1lezce, aby mi na p\u0159ilo\u017een\u00e9m koresponden\u010dn\u00edm l\u00edstku sd\u011blil, kam si m\u00e1m pro tento se\u0161it doj\u00edt.&#8220; (koresponden\u010dn\u00ed l\u00edstek s tvou adresou p\u0159ilo\u017een).&nbsp;<\/p>\n\n\n\n<p>Pracovn\u00ed se\u0161it &#8211; str\u00e1nky a z\u00e1kladn\u00ed \u00fadaje<\/p>\n\n\n\n<p>1.strana: \u200bvybarven\u00fd odd\u00edlov\u00fd znak, n\u00e1zev &#8222;HUSOT&#8220;,&#8220;Historie &#8211; Um\u011bn\u00ed &#8211; Sport &#8211; Ochrana p\u0159\u00edrody -Turistika&#8220;<\/p>\n\n\n\n<p>2.strana: \u200bdatum zalo\u017een\u00ed Husotu 11.10.1985, hymna a slib Husotu&nbsp;<\/p>\n\n\n\n<p>3.strana: \u200btv\u00e9 jm\u00e9no a p\u0159\u00edjmen\u00ed, tv\u00e1 adresa, datum narozen\u00ed,tv\u016fj osobn\u00ed erb.&nbsp;<\/p>\n\n\n\n<p>\u200bTelefony: \u200bprvn\u00ed pomoc 155, 112<\/p>\n\n\n\n<p>\u200b \u200b\u200bhasi\u010di 150&nbsp;<\/p>\n\n\n\n<p>\u200b\u200bpolicie 158&nbsp;<\/p>\n\n\n\n<p>\u200b\u200bvedouc\u00ed odd\u00edlu Ji\u0159\u00ed Pa\u0161ek <\/p>\n\n\n\n<p>e-mail: \u200bhusotstrakonice@seznam.cz<\/p>\n\n\n\n<p>4.strana: \u200binformace pro uchaze\u010de (ofocen\u00e9)<\/p>\n\n\n\n<p>5.strana: \u200bhodnosti (ofocen\u00e9)<\/p>\n\n\n\n<p>6.-7.strana: \u200bocen\u011bn\u00ed (ofocen\u00e9)<\/p>\n\n\n\n<p>8-9.strana: \u200bpravidla (ofocen\u00e1)<\/p>\n\n\n\n<p>Canc\u00e1k: je nepovinn\u00fd se\u0161it, do kter\u00e9ho si m\u016f\u017ee\u0161 nech\u00e1vattisknout raz\u00edtka z m\u00edst, kter\u00e1 nav\u0161t\u00edvil (i bez Husotu), nalepuje\u0161 si do n\u011bho vstupenky, j\u00edzdenky a jin\u00e9 zaj\u00edmavosti ze sv\u00fdch cest a nech\u00e1v\u00e1\u0161 si do n\u011bj podepisovat kamar\u00e1dy ze sraz\u016f a akc\u00ed a t\u00e1bor\u016f.&nbsp;<\/p>\n\n\n\n<p>HODNOSTI<\/p>\n\n\n\n<p>1. Uveden\u00ed do hodnosti<\/p>\n\n\n\n<p>1.1. Hodnost vyjad\u0159uje hierarchick\u00e9 za\u0159azen\u00ed \u010dlen\u016f odd\u00edlu na z\u00e1klad\u011b jejich aktivit ve prosp\u011bch Husotu.&nbsp;1.2. Slo\u017een\u00edm husotsk\u00e9ho slibu se uchaze\u010d st\u00e1v\u00e1 P\u00e1\u017eetem. Na z\u00e1klad\u011b sv\u00fdch aktivit v pr\u016fb\u011bhu \u0161koln\u00edho roku m\u016f\u017ee b\u00fdt pasov\u00e1n do hodnosti Pano\u0161, Ryt\u00ed\u0159, Vikomt, Dru\u017ein\u00edk a Velmo\u017e. \u010clen star\u0161\u00ed 18 let s kvalifikac\u00ed vedouc\u00edho m\u016f\u017ee b\u00fdt pasov\u00e1n z hodnosti p\u00e1\u017eete p\u0159\u00edmo na Vikomta.1.3. Podm\u00ednkou z\u00edsk\u00e1n\u00ed dan\u00e9 hodnosti je pr\u016fb\u011b\u017en\u00e9 pln\u011bn\u00ed podm\u00ednek hodnost\u00ed ni\u017e\u0161\u00edch.&nbsp;<\/p>\n\n\n\n<p>1.4. Pasov\u00e1ni nemohou b\u00fdt \u010dlenov\u00e9 s doch\u00e1zkou pod 75% \u010di podm\u00edne\u010dn\u00fdm vylou\u010den\u00edm v pr\u016fb\u011bhu \u0161koln\u00edho roku.<\/p>\n\n\n\n<p>1.5. O ud\u011blen\u00ed hodnost\u00ed rozhoduj\u00ed \u010dlenov\u00e9 rady Husotu star\u0161\u00ed 18 let. Pasov\u00e1n\u00ed prov\u00e1d\u00ed pov\u011b\u0159en\u00fd \u010dlen rady. Pasovan\u00fd si klekne na jedno koleno a pasovatel mu polo\u017e\u00ed me\u010d na jedno z ramen a \u0159\u00edk\u00e1: &#8222;Ve jm\u00e9nu \u010destnosti, spravedlnosti a pomoci t\u011b pasuji na (\u0159ekne hodnost)&#8220;. P\u0159itom se plochou doln\u00ed \u010d\u00e1sti me\u010de dotkne obou ramen pasovan\u00e9ho \u010dlena.&nbsp;<\/p>\n\n\n\n<p>2. Podm\u00ednky ud\u011blen\u00ed<\/p>\n\n\n\n<p>2.1. Pano\u0161 \u2013 1.stupe\u0148<\/p>\n\n\n\n<p>\u200b-na akce nos\u00ed pom\u016fcky pot\u0159ebn\u00e9 pro \u010dinnost.<\/p>\n\n\n\n<p>\u200b-v\u010das pln\u00ed \u00fakoly stanoven\u00e9 radou, sn\u011bmem a vedouc\u00edmi.<\/p>\n\n\n\n<p>\u200b-pou\u017e\u00edv\u00e1 jednot\u00edc\u00ed prvky odd\u00edlu (krojov\u00e1 ko\u0161ile, tri\u010dka), kter\u00e9 nos\u00ed \u010dist\u00e9 a upraven\u00e9<\/p>\n\n\n\n<p>\u200b-v pracovn\u00edm z\u00e1pisn\u00edku, m\u00e1 zaznamen\u00e1ny z\u00e1kladn\u00ed \u00fadaje (strana 1-9), akceny (50% ze v\u0161ech z\u00fa\u010dastn\u011bn\u00fdch akc\u00ed)*.<\/p>\n\n\n\n<p>\u200bje nejm\u00e9n\u011b jeden rok \u010dlenem odd\u00edlu.<\/p>\n\n\n\n<p>2.2. Ryt\u00ed\u0159 \u2013 2.stupe\u0148<\/p>\n\n\n\n<p>\u200b-pod\u00edl\u00ed se na aktivit\u00e1ch nezbytn\u00fdch pro dobrou \u010dinnost dru\u017einy a odd\u00edlu p\u0159i pravideln\u00fdch sch\u016fzk\u00e1ch i mimo n\u011b (psan\u00ed kroniky, brig\u00e1dy, zaji\u0161\u0165ov\u00e1n\u00ed \u00fakol\u016f a pot\u0159eb pro \u010dinnost.<\/p>\n\n\n\n<p>\u200b-splnil nejm\u00e9n\u011b jednu bronzovou speci\u00e1lku.<\/p>\n\n\n\n<p>\u200b-v pracovn\u00edm se\u0161it\u011b si vede roz\u0161i\u0159uj\u00edc\u00ed \u00fadaje (t\u00e9matick\u00e9 z\u00e1znamy, sportovn\u00ed v\u00fdkony) a akceny (60% ze v\u0161ech z\u00fa\u010dastn\u011bn\u00fdch akc\u00ed)*.<\/p>\n\n\n\n<p>\u200b-je nejm\u00e9n\u011b dva roky \u010dlenem odd\u00edlu. Byl ji\u017e pasov\u00e1n do hodnosti Pano\u0161e.<\/p>\n\n\n\n<p>2.3. Vikomt \u2013 3.stupe\u0148<\/p>\n\n\n\n<p>\u200b-vypom\u00e1h\u00e1 s p\u0159\u00edpravou a organizac\u00ed \u010dinnosti dru\u017einy \u010di z\u00e1jmov\u00e9 aktivity, aktivizuje husoty k \u010dinnosti.<\/p>\n\n\n\n<p>\u200b-je nejm\u00e9n\u011b t\u0159i roky \u010dlenem odd\u00edlu. Byl ji\u017e pasov\u00e1n do hodnosti Ryt\u00ed\u0159e.<\/p>\n\n\n\n<p>2.4. Dru\u017ein\u00edk \u2013 4.stupe\u0148<\/p>\n\n\n\n<p>\u200b-spln\u00ed kvalifikaci Dru\u017ein\u00edka.<\/p>\n\n\n\n<p>\u200b-db\u00e1 na k\u00e1ze\u0148 a po\u0159\u00e1dek sv\u00e9ho okol\u00ed a je n\u00e1pomocen p\u0159i jejich udr\u017eov\u00e1n\u00ed. \u200b<\/p>\n\n\n\n<p>\u200b-aktivn\u011b se pod\u00edl\u00ed na po\u0159\u00e1d\u00e1n\u00ed celoodd\u00edlov\u00fdch akc\u00ed, v\u010detn\u011b tradi\u010dn\u00edch.<\/p>\n\n\n\n<p>\u200b-je nejm\u00e9n\u011b \u010dty\u0159i roky \u010dlenem odd\u00edlu. Byl ji\u017e pasov\u00e1n do hodnosti Vikomta.<\/p>\n\n\n\n<p>2.5. Velmo\u017e \u2013 5.stupe\u0148\u200b<\/p>\n\n\n\n<p>-spln\u00ed kvalifikaci Velmo\u017ee<\/p>\n\n\n\n<p>-p\u0159ipravuje, organizuje a vede akce dru\u017einy, z\u00e1jmov\u00e9 aktivity, v\u010detn\u011b jejich programu.<\/p>\n\n\n\n<p>\u200b-je nejm\u00e9n\u011b p\u011bt let \u010dlenem odd\u00edlu. Byl ji\u017e pasov\u00e1n do hodnosti Dru\u017ein\u00edka.<\/p>\n\n\n\n<p>*t\u00fdk\u00e1 se \u010dlen\u016f s neukon\u010denou z\u00e1kladn\u00ed \u0161koln\u00ed doch\u00e1zkou.<\/p>\n\n\n\n<p>OCEN\u011aN\u00cd<\/p>\n\n\n\n<p>1. Vymezen\u00ed ocen\u011bn\u00ed1.1. Ocen\u011bn\u00ed jsou ohodnocen\u00edmi \u010dlen\u016f Husotu za spln\u011bn\u00ed p\u0159edepsan\u00fdch podm\u00ednek. Uchaze\u010d\u016fm, kte\u0159\u00ed se v dan\u00e9m \u0161koln\u00edm roce stali \u010dleny odd\u00edlu, se t\u00e9\u017e zapo\u010d\u00edt\u00e1vaj\u00ed v\u0161echny d\u016fkazy a podm\u00ednky v tomto obdob\u00ed spln\u011bn\u00e9. Kruhy a sch\u016fzkov\u00e1 ocen\u011bn\u00ed jsou ur\u010deny pro \u010dleny s neukon\u010denou z\u00e1kladn\u00ed \u0161koln\u00ed doch\u00e1zkou.<\/p>\n\n\n\n<p>1.2. Kruhy jsou ocen\u011bn\u00ed vyjad\u0159uj\u00edc\u00ed aktivitu \u010dlen\u016f v \u010dinnostech d\u016fle\u017eit\u00fdch pro dobrou \u010dinnost odd\u00edlu v pr\u016fb\u011bhu jednoho \u0161koln\u00edho roku, kter\u00e9 se ka\u017edoro\u010dn\u011b se opakuj\u00ed.&nbsp;<\/p>\n\n\n\n<p>1.3. Speci\u00e1lky jsou ocen\u011bn\u00ed, kter\u00e1 vyjad\u0159uj\u00ed m\u00edru znalost\u00ed, dovednost\u00ed a schopnost\u00ed n\u011bkter\u00e9 z p\u011bti oblast\u00ed \u010dinnosti Husotu.<\/p>\n\n\n\n<p>1.4. Stuhy jsou ocen\u011bn\u00ed vy\u017eaduj\u00edc\u00ed p\u0159edev\u0161\u00edm silnou v\u016fli a p\u0159em\u00e1h\u00e1n\u00ed.<\/p>\n\n\n\n<p>1.5. Hodnotov\u00e1 ocen\u011bn\u00ed jsou takov\u00e1, kter\u00e1 vyjad\u0159uj\u00ed vysoce kladn\u00fd vztah \u010dlena k \u010dinnosti odd\u00edlu a kamar\u00e1d\u016fm.<\/p>\n\n\n\n<p>1.6. Ocen\u011bn\u00ed se ud\u011bluj\u00ed zpravidla na Hodnot\u00edc\u00ed sch\u016fzce. Pokud se \u010dlen bez omluvy na tuto akci nedostav\u00ed, ocen\u011bn\u00ed nez\u00edsk\u00e1v\u00e1.<\/p>\n\n\n\n<p>2. Kruhy&nbsp;<\/p>\n\n\n\n<p>2.1. Kronik\u00e1\u0159 &#8211; za dobrovoln\u00fdch 6, 12 a 18 z\u00e1pis\u016f do kroniky(\u010dasopisu, na n\u00e1st\u011bnku) se z\u00edsk\u00e1v\u00e1 bronzov\u00fd, st\u0159\u00edbrn\u00fd a zlat\u00fd Brig\u00e1dn\u00edk v podob\u011b diplomu.<\/p>\n\n\n\n<p>2.2. Brig\u00e1dn\u00edk &#8211; za odpracovan\u00fdch 4, 10 a 20 hodin z\u00edsk\u00e1v\u00e1bronzov\u00fd, st\u0159\u00edbrn\u00fd a zlat\u00fd Brig\u00e1dn\u00edk v podob\u011b diplomu.<\/p>\n\n\n\n<p>2.3. Doch\u00e1zka &#8211; za \u00fa\u010dast na nejm\u00e9n\u011b 85%, 90% a 95% akc\u00edch odd\u00edlu \u010di dru\u017einy, nejm\u00e9n\u011b v\u0161ak na 25, 28 a 30 akc\u00edch. z\u00edsk\u00e1v\u00e1 bronzov\u00e1, st\u0159\u00edbrn\u00e1 a zlat\u00e1 Doch\u00e1zka v podob\u011b diplomu.&nbsp;<\/p>\n\n\n\n<p>2.4. Kresl\u00ed\u0159 \u2013 za dobrovoln\u00fdch kreseb z 6, 12 a 18 akc\u00ed odd\u00edlu do \u010dasopisu, na n\u00e1st\u011bnku \u010di do kroniky z\u00edsk\u00e1v\u00e1 bronzov\u00fd, st\u0159\u00edbrn\u00fd a zlat\u00fd Kresl\u00ed\u0159 v podob\u011b diplomu.<\/p>\n\n\n\n<p>2.5.Chodec \u2013 za nachozen\u00fdch 50, 100 a 200 km p\u011b\u0161ky \u010di na ly\u017e\u00edch se z\u00edsk\u00e1v\u00e1 bronzov\u00fd, st\u0159\u00edbrn\u00fd a zlat\u00fd Chodec v podob\u011bdiplomu.<\/p>\n\n\n\n<p>2.6. N\u00e1v\u0161t\u011bvn\u00edk &#8211; na z\u00e1klad\u011b n\u00e1v\u0161t\u011bvy 5, 10, \u010di 15 turistick\u00fdch zaj\u00edmavost\u00ed se z\u00edsk\u00e1v\u00e1 bronzov\u00fd, st\u0159\u00edbrn\u00fd a zlat\u00fd N\u00e1v\u0161t\u011bvn\u00edk v podob\u011b diplomu. Mezi turistick\u00e9 zaj\u00edmavosti se po\u010d\u00edt\u00e1 tvrz, hrad, z\u00e1mek, kostel, kl\u00e1\u0161ter, z\u0159\u00edcenina, hradi\u0161t\u011b, muzeum, gal\u00e9rie, technick\u00e1 pam\u00e1tka, rozhledna, vrchol s nejm\u00e9n\u011b 200 metry p\u0159ev\u00fd\u0161en\u00ed, ZOO, arboretum a p\u0159\u00edrodn\u00ed rezervace.<\/p>\n\n\n\n<p>2.7.T\u00e1born\u00ed\u010dek &#8211; za \u00fa\u010dast na letn\u00edm husotsk\u00e9m t\u00e1bo\u0159e. Ocen\u011bn\u00ed ve form\u011b l\u00e1tkov\u00e9 n\u00e1\u0161ivky.<\/p>\n\n\n\n<p>2.8.Olympionik &#8211; bronzov\u00fd &#8211; na olympi\u00e1d\u011b se oproti minul\u00e9mu roku zlep\u0161\u00ed alespo\u0148 v p\u011bti discipl\u00edn\u00e1ch (b\u011bh 60m, b\u011bh 800m, d\u00e1lka, p\u0159eskoky \u0161vihadla za minutu, vrh koul\u00ed, hod tal\u00ed\u0159em a kriketov\u00fdm m\u00ed\u010dkem, \u0161plh) nebo z\u00edsk\u00e1 nejm\u00e9n\u011b 300 bod\u016f v husotsk\u00e9m osmiboji. St\u0159\u00edbrn\u00fd \u2013 zisk nejm\u00e9n\u011b 350 bod\u016f. Zlat\u00fd \u2013 zisk nejm\u00e9n\u011b 400 bod\u016f. Ocen\u011bn\u00ed m\u00e1 formu diplomu.<\/p>\n\n\n\n<p>2.9. Herec &#8211; ve \u0161koln\u00edm roce se aktivn\u011b a pravideln\u011b z\u00fa\u010dast\u0148uje n\u00e1cviku divadeln\u00edho programu i samotn\u00e9ho vystoupen\u00ed.Ocen\u011bn\u00ed m\u00e1 formu diplomu.<\/p>\n\n\n\n<p>3. Speci\u00e1lky<\/p>\n\n\n\n<p>3.1. Pro spln\u011bn\u00ed bronzov\u00e9 (st\u0159\u00edbrn\u00e9, zlat\u00e9) speci\u00e1lky Historika, Um\u011blce, Sportovce, Ochr\u00e1nce p\u0159\u00edrody, Turisty je t\u0159eba splnit tolik d\u016fkaz\u016f p\u0159\u00edslu\u0161n\u00e9 oblasti, aby jejich hodnota \u010dinila 15 (30, 50) bod\u016f. Ocen\u011bn\u00ed m\u00e1 formu l\u00e1tkov\u00e9 n\u00e1\u0161ivky. Bronzov\u00e9 speci\u00e1lky jsou v barv\u011b b\u00edl\u00e9, st\u0159\u00edbrn\u00e9 v barv\u011b modr\u00e9 a zlat\u00e9 v barv\u011b \u017elut\u00e9. Podm\u00ednky pro spln\u011bn\u00ed jednotliv\u00fdch stup\u0148\u016f jsou rozvedeny v Z\u00e1pisn\u00edku speci\u00e1lek.&nbsp;<\/p>\n\n\n\n<p>3.2.Pro spln\u011bn\u00ed bronzov\u00e9, st\u0159\u00edbrn\u00e9 a zlat\u00e9 t\u00e9matick\u00e9 speci\u00e1lky je t\u0159eba splnit tolik p\u011bt bronzov\u00fdch, st\u0159\u00edbrn\u00fdch a zlat\u00fdch d\u016fkaz\u016f dan\u00e9ho t\u00e9matick\u00e9ho okruhu.&nbsp;<\/p>\n\n\n\n<p>4.Stuhy&nbsp;<\/p>\n\n\n\n<p>4.1. \u010cin\u2013Ryt\u00ed\u0159skost (b\u00edl\u00e1) je ud\u011blena za spln\u011bn\u00ed v\u0161ech ryt\u00ed\u0159sk\u00fdch cnost\u00ed v pr\u016fb\u011bhu jednoho roku: \u010clen: 1.Je ochr\u00e1ncem v\u0161ech slab\u00fdch a pot\u0159ebn\u00fdch 2.Dodr\u017euje \u00famluvy 3.Uzn\u00e1v\u00e1 n\u00e1zory ostatn\u00edch a v p\u0159\u00edpad\u011b sporu hled\u00e1 spole\u010dn\u00e9 \u0159e\u0161en\u00ed 4.Hraje a sout\u011b\u017e\u00ed \u010destn\u011b a odhodlan\u011b 5.Pod\u00edl\u00ed se na \u010dinnosti pro cel\u00e9 spole\u010denstv\u00ed 6.Dok\u00e1\u017ee odpustit 7.Nepomlouv\u00e1, neubli\u017euje, neh\u00e1d\u00e1 se a nepou\u017e\u00edv\u00e1 hrub\u00fdch slov. Tuto stuhu ud\u011bluje rada Husotu a v p\u0159\u00edpad\u011b vylou\u010den\u00ed \u010di podm\u00edne\u010dn\u00e9ho vylou\u010den\u00ed je doty\u010dn\u00e9mu od\u0148ata.<\/p>\n\n\n\n<p>4.2. Hlad (\u017elut\u00e1) &#8211; za hladov\u011bn\u00ed po cel\u00fdch 24 hodin, b\u011bhem nich\u017e se sm\u00ed p\u00edt pouze \u010dist\u00e1 voda.<\/p>\n\n\n\n<p>4.3. Hl\u00eddka (fialov\u00e1) z\u00e1jemce je uprost\u0159ed noci probuzen a mus\u00ed s\u00e1m dr\u017eet dv\u011b hodiny hl\u00eddku. Po celou dobu hl\u00eddky mus\u00ed b\u00fdt tma. Na hl\u00eddce, kter\u00e1 prob\u00edh\u00e1 pod \u0161ir\u00fdm nebem, nesm\u00ed le\u017eet anesm\u00ed m\u00edt s sebou mobil, dal\u0161\u00ed komunika\u010dn\u00ed techniky a elektronick\u00e1 za\u0159\u00edzen\u00ed. P\u0159i ukon\u010den\u00ed hl\u00eddky je jeho povinnost\u00ed vzbudit dal\u0161\u00ed osobu.<\/p>\n\n\n\n<p>4.4. Ml\u010den\u00ed (\u010derven\u00e1) &#8211; 24 hodin vydr\u017eet ml\u010det. Z\u00e1jemce b\u011bhem t\u00e9to doby nesm\u00ed vydat \u017e\u00e1dn\u00fd hlasit\u00fd hrdeln\u00ed zvuk (ka\u0161l\u00e1n\u00ed, sm\u00edch, \u0161ept\u00e1n\u00ed\u2026).<\/p>\n\n\n\n<p>4.5. Osam\u011blost (modr\u00e1) &#8211; za deset hodin osam\u011bn\u00ed v p\u0159\u00edrod\u011b, b\u011bhem n\u011bho\u017e ho nesm\u00ed spat\u0159it ani sly\u0161et \u017e\u00e1dn\u00fd \u010dlov\u011bk (krom\u011b osoby pov\u011b\u0159en\u00e9 p\u0159\u00edpadnou kontrolou) a odevzd\u00e1n\u00ed z\u00e1pisu z pozorov\u00e1n\u00ed p\u0159\u00edrody a okol\u00ed. \u010clen mus\u00ed b\u00fdt po celou dobu v bd\u011bl\u00e9m stavu a nesm\u00ed m\u00edt s sebou mobil, dal\u0161\u00ed komunika\u010dn\u00ed techniky a elektronick\u00e1 za\u0159\u00edzen\u00ed.<\/p>\n\n\n\n<p>4.6. Pozn\u00e1n\u00ed (zelen\u00e1) &#8211; za \u00fa\u010dast na dvaceti p\u011b\u0161\u00edch nebo ly\u017ea\u0159sk\u00fdch v\u00fdprav\u00e1ch o d\u00e9lce nejm\u00e9n\u011b 10 kilometr\u016f. V\u00fdprava, kter\u00e1 je sou\u010d\u00e1st\u00ed t\u00e1bora, se do pln\u011bn\u00ed podm\u00ednek nepo\u010d\u00edt\u00e1. T\u0159\u00eddenn\u00ed a v\u00edcedenn\u00ed putov\u00e1n\u00ed, p\u0159i n\u011bm\u017e jsou alespo\u0148 dva dny p\u0159esunu o d\u00e9lce nejm\u00e9n\u011b 10 km, se rovn\u00e1 dv\u011bma v\u00fdprav\u00e1m.&nbsp;<\/p>\n\n\n\n<p>4.7. Slepota (\u010dern\u00e1) &#8211; \u010dlen m\u00e1 \u0161est hodin o\u010di zav\u00e1zan\u00e9 \u0161\u00e1tkem a b\u011bhem t\u00e9to doby se v mez\u00edch sv\u00fdch mo\u017enost\u00ed z\u00fa\u010dast\u0148uje ve\u0161ker\u00e9 \u010dinnosti ostatn\u00edch husot\u016f. Pro p\u0159\u00edpad bezpe\u010dnosti mus\u00ed m\u00edt osobn\u00edho str\u00e1\u017ece.&nbsp;<\/p>\n\n\n\n<p>5. Hodnotov\u00e1 ocen\u011bn\u00ed<\/p>\n\n\n\n<p>5.1. Pomn\u011bnkov\u00e9 o\u010di &#8211; za soustavnou pomoc kamar\u00e1d\u016fm v pr\u016fb\u011bhu cel\u00e9ho \u0161koln\u00edho roku se z\u00edsk\u00e1v\u00e1 o\u010dko. To m\u00e1 podobu knofl\u00edku p\u0159ipevn\u011bn\u00e9ho na sp\u00ednac\u00edm \u0161pendl\u00edku. Pomn\u011bnk\u00e1\u0159em se st\u00e1v\u00e1 \u010dlen s dv\u011bmi o\u010dky.&nbsp;<\/p>\n\n\n\n<p>5.2. Slune\u010dn\u00ed z\u00e1\u0159e &#8211; za \u00fa\u010dast na 200 akc\u00edch od slo\u017een\u00ed slibu. Ocen\u011bn\u00ed je v podob\u011b l\u00e1tkov\u00e9 n\u00e1\u0161ivky.&nbsp;<\/p>\n\n\n\n<p>6.Platnost \u2013 tyto Dopl\u0148ky jsou platn\u00e9 od 28.1.2011<\/p>\n\n\n\n<p>HUSOTSK\u00c1 PRAVIDLA<\/p>\n\n\n\n<p>1. Dotaz<\/p>\n\n\n\n<p>\u200bM\u00e1m-li dotaz, p\u0159ihl\u00e1s\u00edm se zdvi\u017een\u00edm ruky.<\/p>\n\n\n\n<p>2. Dv\u011b vrstvy<\/p>\n\n\n\n<p>Na ve\u010dern\u00ed akce a ve\u010dern\u00ed hry i bez zvl\u00e1\u0161tn\u00edho upozorn\u011bn\u00ed m\u00e1m na sob\u011b dv\u011b vrstvy od\u011bvu \u2013 nap\u0159. tri\u010dko a ko\u0161ili nebo tri\u010dko a svetr. V nutn\u00fdch p\u0159\u00edpadech lze toto pravidlo vyhla\u0161ovat i jindy.<\/p>\n\n\n\n<p>3. Chov\u00e1n\u00ed v p\u0159\u00edrod\u011b<\/p>\n\n\n\n<p>\u200bVztah k p\u0159\u00edrod\u011b projevuji t\u00edm, \u017ee netrh\u00e1m a neni\u010d\u00edm rostliny a chov\u00e1m se ohledupln\u011b k \u017eivo\u010dich\u016fm. T\u00e1bo\u0159i\u0161t\u011b po sob\u011b v\u017edy \u010dist\u011b uklid\u00edm.<\/p>\n\n\n\n<p>4. Kroj<\/p>\n\n\n\n<p>\u200bNo\u0161en\u00ed kroje je v\u011bc\u00ed hrdosti na p\u0159\u00edslu\u0161nost k odd\u00edlu. No\u0161en\u00edm kroje se hl\u00e1s\u00edm k Husotu a zavazuji se tak ke slu\u0161n\u00e9mu chov\u00e1n\u00ed. Kroj si chr\u00e1n\u00edm p\u0159ed u\u0161pin\u011bn\u00edm a po\u0161kozen\u00edm.<\/p>\n\n\n\n<p>5. K\u0159estn\u00ed jm\u00e9na<\/p>\n\n\n\n<p>\u200b\u0158\u00edk\u00e1me si k\u0159estn\u00edmi jm\u00e9ny, p\u0159\u00edpadn\u011b p\u0159ezd\u00edvkami. Je zak\u00e1z\u00e1no hanoben\u00ed jmen i p\u0159ezd\u00edvek.<\/p>\n\n\n\n<p>6. Mu\u017e u kormidla<\/p>\n\n\n\n<p>\u200bMu\u017e u kormidla je \u010dlov\u011bk, kter\u00fd pr\u00e1v\u011b n\u011bco ostatn\u00edm vysv\u011btluje. V tomto p\u0159\u00edpad\u011b ho m\u00e1 ka\u017ed\u00fd poslouchat a nevyru\u0161ovat jej sv\u00fdmi pozn\u00e1mkami \u010di baven\u00edm se s n\u011bk\u00fdm jin\u00fdm. Dotazy k v\u00fdkladu se d\u011bj\u00ed v\u017edy a\u017e po jeho skon\u010den\u00ed.<\/p>\n\n\n\n<p>7. N\u00e1stup do deseti<\/p>\n\n\n\n<p>\u200bN\u00e1stup je na sign\u00e1l \u010d\u00e1rka, te\u010dka (p\u00edsmeno N v morseovce) nebo na slovn\u00ed povel, po kter\u00e9m se po\u010d\u00edt\u00e1 do deseti.&nbsp;<\/p>\n\n\n\n<p>8. Neloud\u00ed se<\/p>\n\n\n\n<p>\u200b\u017d\u00e1d\u00e1m-li o n\u011bjakou v\u011bc, slu\u017ebu a podobn\u011b, slu\u0161n\u011b o ni popros\u00edm. Jsem-li odm\u00edtnut, sm\u00ed\u0159\u00edm se s t\u00edm. Je-li m\u00e9 prosb\u011b vyhov\u011bno, neopomenu pod\u011bko-vat.<\/p>\n\n\n\n<p>9. Nevhodn\u00e9 slovo<\/p>\n\n\n\n<p>\u200bZa ka\u017ed\u00e9 pronesen\u00e9 hrub\u00e9 slovo nebo nad\u00e1vku ud\u011bl\u00e1m p\u011bt d\u0159ep\u016f.<\/p>\n\n\n\n<p>10. No\u010dn\u00ed klid<\/p>\n\n\n\n<p>\u200bPo vyhl\u00e1\u0161en\u00ed ve\u010derky se ji\u017e nesm\u00ed hovo\u0159it a sv\u00edtit. Pokud se probud\u00edm p\u0159ed bud\u00ed\u010dkem, chov\u00e1m se zcela ti\u0161e.<\/p>\n\n\n\n<p>11. Omlouv\u00e1n\u00ed nep\u0159\u00edtomnosti<\/p>\n\n\n\n<p>\u200bKa\u017edou nep\u0159\u00edtomnost na akci je t\u0159eba omluvit. Starost o to maj\u00ed husoti nikoliv jejich rodi\u010de.&nbsp;<\/p>\n\n\n\n<p>12. Osobn\u00ed v\u011bci<\/p>\n\n\n\n<p>\u200bOsobn\u00ed v\u011bci ka\u017ed\u00e9ho \u010dlena jsou nedotknuteln\u00e9. Pouze vedouc\u00ed maj\u00ed pr\u00e1vo do nich nahl\u00e9dnout p\u0159i kontrole \u00faklidu na t\u00e1bo\u0159e. V\u00fdjimkou jsou v\u011bci ztracen\u00e9 a nalezen\u00e9. Osobn\u00ed v\u011bci je mo\u017en\u00e9 si p\u016fj\u010dit jen s v\u00fdslovn\u00fdm souhlasem majitele a jemu osobn\u011b tak\u00e9 vr\u00e1tit.&nbsp;<\/p>\n\n\n\n<p>13. Pozdrav<\/p>\n\n\n\n<p>\u200bP\u0159i p\u0159\u00edchodu na akci i p\u0159i odchodu z n\u00ed hlasit\u011b v\u0161echny pozdrav\u00edm. Pozdravem je &#8222;ahoj.&#8220; Nezdrav\u00edm, pokud p\u0159ich\u00e1z\u00edm na akci pozd\u011b a ru\u0161il bych t\u00edm ostatn\u00ed.<\/p>\n\n\n\n<p>14. P\u0159idr\u017e \u0161lehaj\u00edc\u00ed v\u011btev<\/p>\n\n\n\n<p>\u200bP\u0159i pohybu skupiny t\u011b\u017eko prostupn\u00fdm ter\u00e9nem d\u00e1v\u00e1m pozor na v\u011btve, kter\u00e9 by mohly ohrozit \u010dlena v\u00fdpravy jdouc\u00edho za mnou. Napru\u017eenou v\u011btev podr\u017e\u00edm do doby, kdy si ji n\u00e1sleduj\u00edc\u00ed \u010dlen p\u0159evezme, a nebo se dostane z dosahu ohro\u017een\u00ed.&nbsp;<\/p>\n\n\n\n<p>15. Zvednut\u00e1 ruka<\/p>\n\n\n\n<p>\u200bKdy\u017e vedouc\u00ed zvedne ruku dlan\u00ed dop\u0159edu, znamen\u00e1 to, \u017ee \u017e\u00e1d\u00e1 o ticho. Ka\u017ed\u00fd, kdo jej uvid\u00ed, tak\u00e9 zvedne ruku, zmlkne a za\u010dne d\u00e1vat pozor.<\/p>\n\n\n\n<p><\/p>\n","protected":false},"excerpt":{"rendered":"<p>INFORMACE PRO UCHAZE\u010cE Do slibu se nau\u010d\u00edm husotskou hymnu a slib, opat\u0159\u00edm si zelenou ko\u0161ili, sch\u016fzkov\u00e9, z\u00e1kladn\u00ed a v\u00edkendov\u00e9 vybaven\u00ed a pracovn\u00ed se\u0161it, nejl\u00e9pe v tvrd\u00fdch desk\u00e1ch (v n\u011bm n\u00e1le\u017eitosti stran 1-4). Sch\u016fzkov\u00e9 vybaven\u00ed &#8211; p\u0159ez\u016fvky, pracovn\u00ed se\u0161it (nejl\u00e9pe \u010dtvere\u010dkovan\u00fd, form\u00e1t A5 v tvrd\u00fdch desk\u00e1ch) psac\u00ed pot\u0159eby. P\u0159i p\u011bkn\u00e9m po\u010das\u00ed sportovn\u00ed od\u011bv a obuv.&nbsp; KPZ [&hellip;]<\/p>\n","protected":false},"author":2,"featured_media":0,"parent":0,"menu_order":0,"comment_status":"closed","ping_status":"closed","template":"","meta":{"footnotes":""},"class_list":["post-34","page","type-page","status-publish","hentry"],"_links":{"self":[{"href":"https:\/\/husot.cz\/index.php?rest_route=\/wp\/v2\/pages\/34","targetHints":{"allow":["GET"]}}],"collection":[{"href":"https:\/\/husot.cz\/index.php?rest_route=\/wp\/v2\/pages"}],"about":[{"href":"https:\/\/husot.cz\/index.php?rest_route=\/wp\/v2\/types\/page"}],"author":[{"embeddable":true,"href":"https:\/\/husot.cz\/index.php?rest_route=\/wp\/v2\/users\/2"}],"replies":[{"embeddable":true,"href":"https:\/\/husot.cz\/index.php?rest_route=%2Fwp%2Fv2%2Fcomments&post=34"}],"version-history":[{"count":2,"href":"https:\/\/husot.cz\/index.php?rest_route=\/wp\/v2\/pages\/34\/revisions"}],"predecessor-version":[{"id":276,"href":"https:\/\/husot.cz\/index.php?rest_route=\/wp\/v2\/pages\/34\/revisions\/276"}],"wp:attachment":[{"href":"https:\/\/husot.cz\/index.php?rest_route=%2Fwp%2Fv2%2Fmedia&parent=34"}],"curies":[{"name":"wp","href":"https:\/\/api.w.org\/{rel}","templated":true}]}}