{"id":38,"date":"2025-02-09T21:30:41","date_gmt":"2025-02-09T20:30:41","guid":{"rendered":"https:\/\/husot.cz\/?page_id=38"},"modified":"2025-03-19T21:27:32","modified_gmt":"2025-03-19T20:27:32","slug":"jak-to-u-nas-chodi","status":"publish","type":"page","link":"https:\/\/husot.cz\/?page_id=38","title":{"rendered":"Jak to u n\u00e1s chod\u00ed"},"content":{"rendered":"\n<p><\/p>\n\n\n\n<p><strong>JAK TO U N\u00c1S CHOD\u00cd<\/strong><\/p>\n\n\n\n<p>&#8211; v\u0161ichni z\u00e1jemci o \u010dinnost v na\u0161em odd\u00edle proch\u00e1zej\u00ed \u010dekatelskou zkou\u0161kou, kter\u00e1 trv\u00e1 nejm\u00e9n\u011b t\u0159i m\u011bs\u00edce. Na za\u010d\u00e1tku \u010dekatelsk\u00e9 doby p\u0159inese z\u00e1jemce p\u0159ihl\u00e1\u0161ku podepsanou rodi\u010di, do dvou m\u011bs\u00edc\u016f zaplat\u00ed \u010dlensk\u00fd p\u0159\u00edsp\u011bvek a v jej\u00edm pr\u016fb\u011bhu pak mus\u00ed m\u00edt doch\u00e1zku nejm\u00e9n\u011b 75%, nau\u010d\u00ed se hymnu a slib, po\u0159\u00edd\u00ed si zelenou ko\u0161ili (na st\u0159ihu a odst\u00ednu barvy netrv\u00e1me), pracovn\u00ed se\u0161it, do kter\u00e9ho si nalep\u00ed z\u00e1kladn\u00ed informace o odd\u00edlu, a projevuje z\u00e1jem o \u010dinnost. Na z\u00e1klad\u011b spln\u011bn\u00ed \u010dekatelsk\u00e9 zkou\u0161ky slo\u017e\u00ed husotsk\u00fd slib a t\u00edm se st\u00e1v\u00e1 p\u00e1\u017eetem, neboli plnopr\u00e1vn\u00fdm \u010dlenem odd\u00edlu. Toto jej oprav\u0148uje k pln\u011bn\u00ed odd\u00edlov\u00fdch ocen\u011bn\u00ed, mo\u017enosti postupu do vy\u0161\u0161\u00edch hodnost\u00ed a pod\u00edlet se na rozhodov\u00e1n\u00ed o odd\u00edlu.<\/p>\n\n\n\n<p><strong>Pravideln\u00e9 sch\u016fzky<\/strong><\/p>\n\n\n\n<p>&#8211; m\u00e1me ka\u017ed\u00fd \u010dtvrtek v klubovn\u011b v ulici Rybni\u010dn\u00ed 1283 od 17 do 18 hodin. Za\u010d\u00edn\u00e1me v\u017edy kruhem p\u0159\u00e1telstv\u00ed a odd\u00edlovou hymnou, pot\u00e9 se \u010dteme z\u00e1pisy z kroniky z posledn\u00edch akc\u00ed a \u0159e\u0161\u00edme organiza\u010dn\u00ed z\u00e1le\u017eitosti. Pak zpravidla n\u00e1sleduje t\u00e9matick\u00e1 \u010d\u00e1st sch\u016fzky a ke konci hrajeme hry. Kon\u010d\u00edme op\u011bt kruhem a hymnou. Ob\u010das se n\u00e1m stane, \u017ee o n\u011bjakou minutu p\u0159et\u00e1hneme.<\/p>\n\n\n\n<p><strong>V\u00edkendovky<\/strong><\/p>\n\n\n\n<p>&#8211; dvakr\u00e1t do m\u011bs\u00edce podnik\u00e1me n\u011bjakou akci o v\u00edkendu \u2013 velkou hru, v\u00fdpravu do p\u0159\u00edrody. T\u00e9\u017e jezd\u00edme na srazy s jin\u00fdmi odd\u00edly, ob\u010das na klasick\u00fd v\u00fdlet, p\u0159i kter\u00e9m nav\u0161t\u00edv\u00edme n\u011bjakou pam\u00e1tku \u010di zaj\u00edmavost.<\/p>\n\n\n\n<p class=\"has-text-align-center\"><strong>SLIB HUSOTU<\/strong><\/p>\n\n\n\n<p class=\"has-text-align-center\">&#8222;Slibuji, \u017ee budu \u010destn\u00fd, spravedliv\u00fd a dobr\u00fd kamar\u00e1d.&#8220;<\/p>\n\n\n\n<p class=\"has-text-align-center\"><strong>HYMNA HUSOTU<\/strong><\/p>\n\n\n\n<p class=\"has-text-align-center\">Vzh\u016fru \u010dlenov\u00e9, vzh\u016fru k Husotu<br>st\u00e1le jen dop\u0159edu, st\u00e1le jdem<br>kamar\u00e1dstv\u00ed je n\u00e1m v\u017edy nade v\u0161e,<br>sv\u00e9 kamar\u00e1dy nezklamem.<br>T\u0159eba i v nouzi nebo v str\u00e1d\u00e1n\u00ed<br>v\u0161ichni si svorn\u011b pom\u016f\u017eem<br>ti lep\u0161\u00ed t\u011bm, co nemaj\u00ed nad\u00e1n\u00ed<br>star\u0161\u00ed jdou mlad\u0161\u00edm p\u0159\u00edkladem.<\/p>\n\n\n\n<p class=\"has-text-align-center\"><strong>NA\u0160E TRADI\u010cN\u00cd AKCE<\/strong><\/p>\n\n\n\n<p class=\"has-text-align-center\">Zampa-Pampa ve\u010dern\u00ed hra<br>Hokejbalov\u00fd turnaj dru\u017estev<br>V\u00e1no\u010dn\u00ed turnaj ve \u0161prtci<br>Strom pro zv\u00ed\u0159ata<br>Olympi\u00e1da stoln\u00edch her<br>zimn\u00ed v\u00fdstup na Ku\u0159idlo hra<br>Olympi\u00e1da<br>Hodnot\u00edc\u00ed sch\u016fzka<br>Z\u00e1v\u011bre\u010dn\u00fd ohe\u0148<\/p>\n\n\n\n<p class=\"has-text-align-center\"><strong>Kontakt<\/strong><\/p>\n\n\n\n<p class=\"has-text-align-center\"><strong>vedouc\u00ed odd\u00edlu &#8211; Ji\u0159\u00ed Pa\u0161ek husotstrakonice@seznam.cz<\/strong><\/p>\n\n\n\n<p><\/p>\n","protected":false},"excerpt":{"rendered":"<p>JAK TO U N\u00c1S CHOD\u00cd &#8211; v\u0161ichni z\u00e1jemci o \u010dinnost v na\u0161em odd\u00edle proch\u00e1zej\u00ed \u010dekatelskou zkou\u0161kou, kter\u00e1 trv\u00e1 nejm\u00e9n\u011b t\u0159i m\u011bs\u00edce. Na za\u010d\u00e1tku \u010dekatelsk\u00e9 doby p\u0159inese z\u00e1jemce p\u0159ihl\u00e1\u0161ku podepsanou rodi\u010di, do dvou m\u011bs\u00edc\u016f zaplat\u00ed \u010dlensk\u00fd p\u0159\u00edsp\u011bvek a v jej\u00edm pr\u016fb\u011bhu pak mus\u00ed m\u00edt doch\u00e1zku nejm\u00e9n\u011b 75%, nau\u010d\u00ed se hymnu a slib, po\u0159\u00edd\u00ed si zelenou ko\u0161ili [&hellip;]<\/p>\n","protected":false},"author":2,"featured_media":0,"parent":0,"menu_order":0,"comment_status":"closed","ping_status":"closed","template":"","meta":{"footnotes":""},"class_list":["post-38","page","type-page","status-publish","hentry"],"_links":{"self":[{"href":"https:\/\/husot.cz\/index.php?rest_route=\/wp\/v2\/pages\/38","targetHints":{"allow":["GET"]}}],"collection":[{"href":"https:\/\/husot.cz\/index.php?rest_route=\/wp\/v2\/pages"}],"about":[{"href":"https:\/\/husot.cz\/index.php?rest_route=\/wp\/v2\/types\/page"}],"author":[{"embeddable":true,"href":"https:\/\/husot.cz\/index.php?rest_route=\/wp\/v2\/users\/2"}],"replies":[{"embeddable":true,"href":"https:\/\/husot.cz\/index.php?rest_route=%2Fwp%2Fv2%2Fcomments&post=38"}],"version-history":[{"count":4,"href":"https:\/\/husot.cz\/index.php?rest_route=\/wp\/v2\/pages\/38\/revisions"}],"predecessor-version":[{"id":273,"href":"https:\/\/husot.cz\/index.php?rest_route=\/wp\/v2\/pages\/38\/revisions\/273"}],"wp:attachment":[{"href":"https:\/\/husot.cz\/index.php?rest_route=%2Fwp%2Fv2%2Fmedia&parent=38"}],"curies":[{"name":"wp","href":"https:\/\/api.w.org\/{rel}","templated":true}]}}